{"id":1015,"date":"2015-08-22T11:19:21","date_gmt":"2015-08-22T17:19:21","guid":{"rendered":"http:\/\/romero-h.com\/?page_id=1015"},"modified":"2023-11-17T21:09:29","modified_gmt":"2023-11-18T03:09:29","slug":"consultas-en-linea","status":"publish","type":"page","link":"http:\/\/romero-h.com\/en\/consultas-en-linea\/","title":{"rendered":"Online Consultations"},"content":{"rendered":"<section class=\"wpb-content-wrapper\">\n<div id=\"wpc_69e177b948904\" class=\"vc_row wpb_row vc_row-fluid\">\n\t\t<div class=\"row_inner_wrapper  clearfix\" style=\"background-position: left top;background-repeat: no-repeat;background-size: inherit;\">\n\t\t\t<div class=\"row_inner row_center_content clearfix\"><div class=\"wpb_column vc_column_container vc_col-sm-6\"><div class=\"vc_column-inner\"><div class=\"wpb_wrapper\">\n\t<div class=\"contact-info-box wpb_content_element\">\n\t\t<h3 class=\"builder-heading\">Contact Information<\/h3>\n\t\t<div class=\"contact-info-item\">\n\t\t\t<div class=\"contact-text\"><span>Address<\/span><\/div>\n\t\t\t<div class=\"contact-value\">REVOLUTION 1884-101<br \/>\nSan Angel, Mexico City<br \/>\nCP 01000<\/div>\n\t\t<\/div>\n\t\t<div class=\"contact-info-item\">\n\t\t\t<div class=\"contact-text\"><span>Phone<\/span><\/div>\n\t\t\t<div class=\"contact-value\">+52 (55) 1664 1958<\/div>\n\t\t<\/div>\n\t\t<div class=\"contact-info-item\">\n\t\t\t<div class=\"contact-text\"><span>E-mail<\/span><\/div>\n\t\t\t<div class=\"contact-value\">info@romero-h.com<\/div>\n\t\t<\/div>\n\t<\/div><\/div><\/div><\/div><div class=\"wpb_column vc_column_container vc_col-sm-6\"><div class=\"vc_column-inner\"><div class=\"wpb_wrapper\"><\/div><\/div><\/div>\n\t\t\t<\/div>\n\t\t<\/div>\n<\/div>\n<\/section>","protected":false},"excerpt":{"rendered":"Informaci\u00f3n de Contacto Direcci\u00f3n REVOLUCI\u00d3N 1884-101 San \u00c1ngel, M\u00e9xico D.F. C.P. 01000 Tel\u00e9fono +52 (55) 1664 1958 Email info@romero-h.com","protected":false},"author":1,"featured_media":0,"parent":0,"menu_order":0,"comment_status":"closed","ping_status":"closed","template":"","meta":{"footnotes":""},"class_list":["post-1015","page","type-page","status-publish","hentry"],"_links":{"self":[{"href":"http:\/\/romero-h.com\/en\/wp-json\/wp\/v2\/pages\/1015","targetHints":{"allow":["GET"]}}],"collection":[{"href":"http:\/\/romero-h.com\/en\/wp-json\/wp\/v2\/pages"}],"about":[{"href":"http:\/\/romero-h.com\/en\/wp-json\/wp\/v2\/types\/page"}],"author":[{"embeddable":true,"href":"http:\/\/romero-h.com\/en\/wp-json\/wp\/v2\/users\/1"}],"replies":[{"embeddable":true,"href":"http:\/\/romero-h.com\/en\/wp-json\/wp\/v2\/comments?post=1015"}],"version-history":[{"count":4,"href":"http:\/\/romero-h.com\/en\/wp-json\/wp\/v2\/pages\/1015\/revisions"}],"predecessor-version":[{"id":1199,"href":"http:\/\/romero-h.com\/en\/wp-json\/wp\/v2\/pages\/1015\/revisions\/1199"}],"wp:attachment":[{"href":"http:\/\/romero-h.com\/en\/wp-json\/wp\/v2\/media?parent=1015"}],"curies":[{"name":"wp","href":"https:\/\/api.w.org\/{rel}","templated":true}]}}